{"id":6,"date":"2021-09-14T12:30:44","date_gmt":"2021-09-14T15:30:44","guid":{"rendered":"https:\/\/terlizzisa.com\/ventas\/?page_id=6"},"modified":"2021-09-17T16:50:30","modified_gmt":"2021-09-17T19:50:30","slug":"inicio","status":"publish","type":"page","link":"https:\/\/terlizzisa.com\/ventas\/","title":{"rendered":"Inicio"},"content":{"rendered":"\n<span class=\"scroll-to\" data-label=\"Scroll to: #inicio\" data-bullet=\"true\" data-link=\"#inicio\" data-title=\"Inicio\"><a name=\"inicio\"><\/a><\/span>\n\n<p>\n\t<section class=\"section\" id=\"section_95138821\">\n\t\t<div class=\"bg section-bg fill bg-fill  \" >\n\n\t\t\t\n\t\t\t\n\t\t\t\n\n\t\t<\/div>\n\n\t\t<div class=\"section-content relative\">\n\t\t\t\n\n<div class=\"row\"  id=\"row-1775580720\">\n\n\n\t<div id=\"col-1841492579\" class=\"col small-12 large-12\"  >\n\t\t<div class=\"col-inner box-shadow-3\"  >\n\t\t\t\n\t\t\t\n\n\t<div id=\"gap-796951842\" class=\"gap-element clearfix\" style=\"display:block; height:auto;\">\n\t\t\n<style>\n#gap-796951842 {\n  padding-top: 35px;\n}\n<\/style>\n\t<\/div>\n\t\n\n\n  <div class=\"banner has-hover\" id=\"banner-1626458947\">\n          <div class=\"banner-inner fill\">\n        <div class=\"banner-bg fill\" >\n            <div class=\"bg fill bg-fill \"><\/div>\n                                    \n                    <\/div>\n        <div class=\"banner-layers container\">\n            <div class=\"fill banner-link\"><\/div>            \n\n   <div id=\"text-box-2117118803\" class=\"text-box banner-layer x50 md-x10 lg-x10 y10 md-y50 lg-y50 res-text\">\n                                <div class=\"text-box-content text \">\n              \n              <div class=\"text-inner text-center\">\n                  \n\n<h3 class=\"uppercase\"><span style=\"font-size: 115%;\"><strong>TODO TIPO DE BOLSAS <\/strong><\/span><\/h3>\n<p><span style=\"font-size: 120%;\">Bolsas promocionales, bolsas ecol\u00f3gicas con fotos, bolsas para courier, bolsas exhibidoras, bobinas para envasado autom\u00e1tico y bolsas con cierre zipper \u00a1Comercializamos en todo el pa\u00eds!.<\/span><\/p>\n<p>\u00a0<\/p>\n\n              <\/div>\n           <\/div>\n                            \n<style>\n#text-box-2117118803 {\n  width: 69%;\n}\n#text-box-2117118803 .text-box-content {\n  font-size: 100%;\n}\n@media (min-width:550px) {\n  #text-box-2117118803 {\n    width: 38%;\n  }\n}\n<\/style>\n    <\/div>\n \n   <div id=\"text-box-821664131\" class=\"text-box banner-layer x50 md-x90 lg-x90 y100 md-y50 lg-y50 res-text\">\n                                <div class=\"text-box-content text \">\n              \n              <div class=\"text-inner text-left\">\n                  \n\n\t<div id=\"text-223727838\" class=\"text\">\n\t\t\n\n<br><p>\u00a1Llen\u00e1 el formulario y conoc\u00e9 todos nuestros productos!<\/p>\n\t\t\n<style>\n#text-223727838 {\n  text-align: center;\n}\n<\/style>\n\t<\/div>\n\t\n<div role=\"form\" class=\"wpcf7\" id=\"wpcf7-f51-o1\" lang=\"es-AR\" dir=\"ltr\">\n<div class=\"screen-reader-response\"><p role=\"status\" aria-live=\"polite\" aria-atomic=\"true\"><\/p> <ul><\/ul><\/div>\n<form action=\"\/ventas\/wp-json\/wp\/v2\/pages\/6#wpcf7-f51-o1\" method=\"post\" class=\"wpcf7-form init\" novalidate=\"novalidate\" data-status=\"init\">\n<div style=\"display: none;\">\n<input type=\"hidden\" name=\"_wpcf7\" value=\"51\" \/>\n<input type=\"hidden\" name=\"_wpcf7_version\" value=\"5.4.2\" \/>\n<input type=\"hidden\" name=\"_wpcf7_locale\" value=\"es_AR\" \/>\n<input type=\"hidden\" name=\"_wpcf7_unit_tag\" value=\"wpcf7-f51-o1\" \/>\n<input type=\"hidden\" name=\"_wpcf7_container_post\" value=\"0\" \/>\n<input type=\"hidden\" name=\"_wpcf7_posted_data_hash\" value=\"\" \/>\n<input type=\"hidden\" name=\"_wpcf7_recaptcha_response\" value=\"\" \/>\n<\/div>\n<div class=\"form-flat\">\n<span class=\"wpcf7-form-control-wrap your-name\"><input type=\"text\" name=\"your-name\" value=\"\" size=\"40\" class=\"wpcf7-form-control wpcf7-text wpcf7-validates-as-required\" aria-required=\"true\" aria-invalid=\"false\" placeholder=\"Tu Nombre\" \/><\/span><\/p>\n<p><span class=\"wpcf7-form-control-wrap your-email\"><input type=\"email\" name=\"your-email\" value=\"\" size=\"40\" class=\"wpcf7-form-control wpcf7-text wpcf7-email wpcf7-validates-as-required wpcf7-validates-as-email\" aria-required=\"true\" aria-invalid=\"false\" placeholder=\"Correo Electr\u00f3nico\" \/><\/span> <\/p>\n<p><span class=\"wpcf7-form-control-wrap tel\"><input type=\"tel\" name=\"tel\" value=\"\" size=\"40\" class=\"wpcf7-form-control wpcf7-text wpcf7-tel wpcf7-validates-as-required wpcf7-validates-as-tel\" aria-required=\"true\" aria-invalid=\"false\" placeholder=\"Tel\u00e9fono\" \/><\/span> <\/p>\n<p><span class=\"wpcf7-form-control-wrap prov\"><input type=\"text\" name=\"prov\" value=\"\" size=\"40\" class=\"wpcf7-form-control wpcf7-text wpcf7-validates-as-required\" aria-required=\"true\" aria-invalid=\"false\" placeholder=\"Provincia\" \/><\/span> <\/p>\n<p><span class=\"wpcf7-form-control-wrap loc\"><input type=\"text\" name=\"loc\" value=\"\" size=\"40\" class=\"wpcf7-form-control wpcf7-text wpcf7-validates-as-required\" aria-required=\"true\" aria-invalid=\"false\" placeholder=\"Localidad\" \/><\/span> <\/p>\n<p><span class=\"wpcf7-form-control-wrap your-message\"><textarea name=\"your-message\" cols=\"40\" rows=\"10\" class=\"wpcf7-form-control wpcf7-textarea\" aria-invalid=\"false\" placeholder=\"Mensaje\"><\/textarea><\/span> <\/p>\n<p><input type=\"submit\" value=\"Enviar\" class=\"wpcf7-form-control wpcf7-submit button\" \/>\n<\/p><\/div>\n<div class=\"wpcf7-response-output\" aria-hidden=\"true\"><\/div><\/form><\/div>\n\n\n              <\/div>\n           <\/div>\n                            \n<style>\n#text-box-821664131 {\n  width: 75%;\n}\n#text-box-821664131 .text-box-content {\n  font-size: 100%;\n}\n@media (min-width:550px) {\n  #text-box-821664131 {\n    width: 36%;\n  }\n}\n<\/style>\n    <\/div>\n \n\n        <\/div>\n      <\/div>\n\n            \n<style>\n#banner-1626458947 {\n  padding-top: 600px;\n  background-color: rgba(255, 255, 255, 0.942);\n}\n@media (min-width:550px) {\n  #banner-1626458947 {\n    padding-top: 600px;\n  }\n}\n<\/style>\n  <\/div>\n\n\n\n\t\t<\/div>\n\t\t\t<\/div>\n\n\t\n\n<\/div>\n\n\t\t<\/div>\n\n\t\t\n<style>\n#section_95138821 {\n  padding-top: 30px;\n  padding-bottom: 30px;\n}\n#section_95138821 .section-bg.bg-loaded {\n  background-image: url(https:\/\/terlizzisa.com\/ventas\/wp-content\/uploads\/2021\/09\/intro_google-min.jpg);\n}\n<\/style>\n\t<\/section>\n\t\n<span class=\"scroll-to\" data-label=\"Scroll to: #info\" data-bullet=\"true\" data-link=\"#info\" data-title=\"Informaci\u00f3n\"><a name=\"info\"><\/a><\/span>\n\n\t<div id=\"gap-382616269\" class=\"gap-element clearfix\" style=\"display:block; height:auto;\">\n\t\t\n<style>\n#gap-382616269 {\n  padding-top: 30px;\n}\n<\/style>\n\t<\/div>\n\t\n\n<div class=\"row\"  id=\"row-2147163746\">\n\n\n\t<div id=\"col-697776857\" class=\"col small-12 large-12\"  >\n\t\t<div class=\"col-inner\"  >\n\t\t\t\n\t\t\t\n\n\t<div id=\"text-3043034192\" class=\"text\">\n\t\t\n\n<\/p><h1>\u00a1CONTAMOS CON DEPARTAMENTO DE ARTE PROPIO PARA ASISTIR A NUESTROS CLIENTES!<\/h1><h3>Bolsas de tela, friselina, ecol\u00f3gicas biodegradables, y muchas m\u00e1s.<\/h3><p>\n\t\t\n<style>\n#text-3043034192 {\n  text-align: center;\n}\n<\/style>\n\t<\/div>\n\t\n\n\t\t<\/div>\n\t\t\t<\/div>\n\n\t\n\n<\/div>\n\t<div id=\"gap-956563692\" class=\"gap-element clearfix\" style=\"display:block; height:auto;\">\n\t\t\n<style>\n#gap-956563692 {\n  padding-top: 30px;\n}\n<\/style>\n\t<\/div>\n\t\n\n<div class=\"row row-collapse row-full-width\"  id=\"row-1236685670\">\n\n\n\t<div id=\"col-409367918\" class=\"col medium-4 small-12 large-4\"  >\n\t\t<div class=\"col-inner\"  >\n\t\t\t\n\t\t\t\n\n\n  <div class=\"banner has-hover bg-zoom\" id=\"banner-1277889344\">\n          <div class=\"banner-inner fill\">\n        <div class=\"banner-bg fill\" >\n            <div class=\"bg fill bg-fill \"><\/div>\n                                    \n                    <\/div>\n        <div class=\"banner-layers container\">\n            <div class=\"fill banner-link\"><\/div>            \n\n\n        <\/div>\n      <\/div>\n\n            \n<style>\n#banner-1277889344 {\n  padding-top: 390px;\n}\n#banner-1277889344 .bg.bg-loaded {\n  background-image: url(https:\/\/terlizzisa.com\/ventas\/wp-content\/uploads\/2021\/09\/bobinas-min-1331x800.jpg);\n}\n#banner-1277889344 .bg {\n  background-position: 9% 28%;\n}\n<\/style>\n  <\/div>\n\n\n\n\t\t<\/div>\n\t\t\t<\/div>\n\n\t\n\n\t<div id=\"col-1859763039\" class=\"col medium-4 small-12 large-4\"  >\n\t\t<div class=\"col-inner\"  >\n\t\t\t\n\t\t\t\n\n\n  <div class=\"banner has-hover\" id=\"banner-701740699\">\n          <div class=\"banner-inner fill\">\n        <div class=\"banner-bg fill\" >\n            <div class=\"bg fill bg-fill \"><\/div>\n                                    \n                    <\/div>\n        <div class=\"banner-layers container\">\n            <div class=\"fill banner-link\"><\/div>            \n\n   <div id=\"text-box-1774830875\" class=\"text-box banner-layer x50 md-x50 lg-x50 y50 md-y50 lg-y50 res-text\">\n                                <div class=\"text-box-content text \">\n              \n              <div class=\"text-inner text-center\">\n                  \n\n<\/p>\n<p><span style=\"font-size: 180%;\">Terlizzi S.A.I.C. fundada en el a\u00f1o 1967, cuenta con m\u00e1s de 45 a\u00f1os en el mercado brindando productos y servicios de la m\u00e1s alta calidad. M\u00e1s de 400 clientes conf\u00edan en nuestra experiencia y nos eligen d\u00eda a d\u00eda.<\/span><\/p>\n<p>\n\n              <\/div>\n           <\/div>\n                            \n<style>\n#text-box-1774830875 {\n  width: 74%;\n}\n#text-box-1774830875 .text-box-content {\n  font-size: 100%;\n}\n<\/style>\n    <\/div>\n \n\n        <\/div>\n      <\/div>\n\n            \n<style>\n#banner-701740699 {\n  padding-top: 390px;\n  background-color: rgb(255,255,255);\n}\n<\/style>\n  <\/div>\n\n\n\n\t\t<\/div>\n\t\t\t<\/div>\n\n\t\n\n\t<div id=\"col-100557666\" class=\"col medium-4 small-12 large-4\"  >\n\t\t<div class=\"col-inner\"  >\n\t\t\t\n\t\t\t\n\n\n  <div class=\"banner has-hover bg-zoom\" id=\"banner-407262659\">\n          <div class=\"banner-inner fill\">\n        <div class=\"banner-bg fill\" >\n            <div class=\"bg fill bg-fill \"><\/div>\n                                    \n                    <\/div>\n        <div class=\"banner-layers container\">\n            <div class=\"fill banner-link\"><\/div>            \n\n\n        <\/div>\n      <\/div>\n\n            \n<style>\n#banner-407262659 {\n  padding-top: 390px;\n}\n#banner-407262659 .bg.bg-loaded {\n  background-image: url(https:\/\/terlizzisa.com\/ventas\/wp-content\/uploads\/2021\/09\/bolsas-y-exhibidoras-min-1331x800.jpg);\n}\n#banner-407262659 .bg {\n  background-position: 16% 21%;\n}\n<\/style>\n  <\/div>\n\n\n\n\t\t<\/div>\n\t\t\t<\/div>\n\n\t\n\n<\/div>\n<div class=\"row row-collapse row-full-width\"  id=\"row-1475499687\">\n\n\n\t<div id=\"col-1383103512\" class=\"col medium-4 small-12 large-4\"  >\n\t\t<div class=\"col-inner\"  >\n\t\t\t\n\t\t\t\n\n\n  <div class=\"banner has-hover\" id=\"banner-745666653\">\n          <div class=\"banner-inner fill\">\n        <div class=\"banner-bg fill\" >\n            <div class=\"bg fill bg-fill \"><\/div>\n                                    \n                    <\/div>\n        <div class=\"banner-layers container\">\n            <div class=\"fill banner-link\"><\/div>            \n\n   <div id=\"text-box-1068416080\" class=\"text-box banner-layer x50 md-x50 lg-x50 y50 md-y50 lg-y50 res-text\">\n                                <div class=\"text-box-content text \">\n              \n              <div class=\"text-inner text-center\">\n                  \n\n<\/p>\n<p><span style=\"font-size: 180%;\">Confeccionamos bolsas con material oxi-biodegradable, este nuevo proceso de la fabricaci\u00f3n del pl\u00e1stico acelera la degradaci\u00f3n natural. Ofrecemos la mejor alternativa para que utilice bolsas cuidando el medio ambiente. <\/span><\/p>\n<p>\n\n              <\/div>\n           <\/div>\n                            \n<style>\n#text-box-1068416080 {\n  width: 75%;\n}\n#text-box-1068416080 .text-box-content {\n  font-size: 100%;\n}\n<\/style>\n    <\/div>\n \n\n        <\/div>\n      <\/div>\n\n            \n<style>\n#banner-745666653 {\n  padding-top: 390px;\n  background-color: rgb(255,255,255);\n}\n<\/style>\n  <\/div>\n\n\n\n\t\t<\/div>\n\t\t\t<\/div>\n\n\t\n\n\t<div id=\"col-73600324\" class=\"col medium-4 small-12 large-4\"  >\n\t\t<div class=\"col-inner\"  >\n\t\t\t\n\t\t\t\n\n\n  <div class=\"banner has-hover bg-zoom\" id=\"banner-1322159157\">\n          <div class=\"banner-inner fill\">\n        <div class=\"banner-bg fill\" >\n            <div class=\"bg fill bg-fill \"><\/div>\n                                    \n                    <\/div>\n        <div class=\"banner-layers container\">\n            <div class=\"fill banner-link\"><\/div>            \n\n\n        <\/div>\n      <\/div>\n\n            \n<style>\n#banner-1322159157 {\n  padding-top: 390px;\n}\n#banner-1322159157 .bg.bg-loaded {\n  background-image: url(https:\/\/terlizzisa.com\/ventas\/wp-content\/uploads\/2021\/09\/bolsas-de-tela-min-1331x800.jpg);\n}\n#banner-1322159157 .bg {\n  background-position: 24% 19%;\n}\n<\/style>\n  <\/div>\n\n\n\n\t\t<\/div>\n\t\t\t<\/div>\n\n\t\n\n\t<div id=\"col-1712090162\" class=\"col medium-4 small-12 large-4\"  >\n\t\t<div class=\"col-inner\"  >\n\t\t\t\n\t\t\t\n\n\n  <div class=\"banner has-hover\" id=\"banner-2099655097\">\n          <div class=\"banner-inner fill\">\n        <div class=\"banner-bg fill\" >\n            <div class=\"bg fill bg-fill \"><\/div>\n                                    \n                    <\/div>\n        <div class=\"banner-layers container\">\n            <div class=\"fill banner-link\"><\/div>            \n\n   <div id=\"text-box-1019707819\" class=\"text-box banner-layer x50 md-x50 lg-x50 y50 md-y50 lg-y50 res-text\">\n                                <div class=\"text-box-content text \">\n              \n              <div class=\"text-inner text-center\">\n                  \n\n<\/p>\n<p><span style=\"font-size: 180%;\">Tambi\u00e9n trabajamos bolsas de tela, friselina, promocionales, impresas, para correo y de pl\u00e1stico. Adem\u00e1s, somos licenciatarios exclusivos de Disney \u00a1Hac\u00e9 tu consulta y recib\u00ed asesoramiento personalizado! <\/span><\/p>\n<p>\n\n              <\/div>\n           <\/div>\n                            \n<style>\n#text-box-1019707819 {\n  width: 81%;\n}\n#text-box-1019707819 .text-box-content {\n  font-size: 100%;\n}\n<\/style>\n    <\/div>\n \n\n        <\/div>\n      <\/div>\n\n            \n<style>\n#banner-2099655097 {\n  padding-top: 390px;\n  background-color: rgb(255,255,255);\n}\n<\/style>\n  <\/div>\n\n\n\n\t\t<\/div>\n\t\t\t<\/div>\n\n\t\n\n<\/div>\n<span class=\"scroll-to\" data-label=\"Scroll to: #ecomm\" data-bullet=\"true\" data-link=\"#ecomm\" data-title=\"Sobres e-commerce\"><a name=\"ecomm\"><\/a><\/span>\n\n\n  <div class=\"banner has-hover\" id=\"banner-1288037905\">\n          <div class=\"banner-inner fill\">\n        <div class=\"banner-bg fill\" >\n            <div class=\"bg fill bg-fill \"><\/div>\n                                    \n                    <\/div>\n        <div class=\"banner-layers container\">\n            <div class=\"fill banner-link\"><\/div>            \n\n\n        <\/div>\n      <\/div>\n\n            \n<style>\n#banner-1288037905 {\n  padding-top: 56.25%;\n}\n#banner-1288037905 .bg.bg-loaded {\n  background-image: url(https:\/\/terlizzisa.com\/ventas\/wp-content\/uploads\/2021\/09\/Terlizzi-e-commerce-min-1-scaled.jpg);\n}\n<\/style>\n  <\/div>\n\n\n<span class=\"scroll-to\" data-label=\"Scroll to: #nosotros\" data-bullet=\"true\" data-link=\"#nosotros\" data-title=\"Nosotros\"><a name=\"nosotros\"><\/a><\/span>\n\n\t<section class=\"section info-cards-chess-box\" id=\"section_1322355976\">\n\t\t<div class=\"bg section-bg fill bg-fill  bg-loaded\" >\n\n\t\t\t\n\t\t\t\n\t\t\t\n\n\t\t<\/div>\n\n\t\t<div class=\"section-content relative\">\n\t\t\t\n\n<div class=\"row row-collapse align-middle\"  id=\"row-1483232041\">\n\n\n\t<div id=\"col-172457582\" class=\"col medium-6 small-12 large-6\"  >\n\t\t<div class=\"col-inner\"  >\n\t\t\t\n\t\t\t\n\n\t<div class=\"box has-hover info-cards-chess-box  has-hover box-none box-text-bottom\" >\n\n\t\t<div class=\"box-image\" >\n\t\t\t<a href=\"#\"  >\t\t\t<div class=\"image-cover\" style=\"padding-top:100%;\">\n\t\t\t\t<img width=\"900\" height=\"655\" src=\"https:\/\/terlizzisa.com\/ventas\/wp-content\/uploads\/2021\/09\/Copia-de-Fa\u0301brica-con-tel-4.jpg\" class=\"attachment- size-\" alt=\"\" loading=\"lazy\" srcset=\"https:\/\/terlizzisa.com\/ventas\/wp-content\/uploads\/2021\/09\/Copia-de-Fa\u0301brica-con-tel-4.jpg 900w, https:\/\/terlizzisa.com\/ventas\/wp-content\/uploads\/2021\/09\/Copia-de-Fa\u0301brica-con-tel-4-550x400.jpg 550w, https:\/\/terlizzisa.com\/ventas\/wp-content\/uploads\/2021\/09\/Copia-de-Fa\u0301brica-con-tel-4-768x559.jpg 768w\" sizes=\"(max-width: 900px) 100vw, 900px\" \/>\t\t\t\t<div class=\"overlay\" style=\"background-color:rgba(0, 0, 0, 0)\"><\/div>\t\t\t\t\t\t\t<\/div>\n\t\t\t<\/a>\t\t<\/div>\n\n\t\t<div class=\"box-text text-center dark\" style=\"background-color:rgba(195, 169, 156, 0.85);padding:40px 40px 30px 40px;\">\n\t\t\t<div class=\"box-text-inner\">\n\t\t\t\t\n\n\n\t\t\t<\/div>\n\t\t<\/div>\n\t<\/div>\n\t\n\n\t\t<\/div>\n\t\t\t<\/div>\n\n\t\n\n\t<div id=\"col-511970698\" class=\"col medium-6 small-12 large-6\"  >\n\t\t<div class=\"col-inner\"  >\n\t\t\t\n\t\t\t\n\n<div class=\"row align-center\"  id=\"row-440337128\">\n\n\n\t<div id=\"col-1337659587\" class=\"col medium-10 small-10 large-10\"  >\n\t\t<div class=\"col-inner\"  >\n\t\t\t\n\t\t\t\n\n<h4>NOSOTROS<\/h4>\n<p>Con amplia experiencia en el mercado, brindamos a nuestros clientes una amplia variedad de soluciones y asesoramiento para la confecci\u00f3n de su envase o bolsa de promoci\u00f3n.<\/p>\n<p>Terlizzi, busca la innovaci\u00f3n en sus productos, ofreci\u00e9ndole la mayor variedad de posibilidades para su empresa.<br \/>Avalados por Symphony Environmental estamos fabricando bolsas con el aditivo prodegradable d2w\u00ae con todas las caracter\u00edsticas propias del material pl\u00e1stico y con el cuidado que el medio ambiente necesita. Le podemos ofrecer la mejor alternativa para que utilice bolsas cuidando el medio ambiente.<\/p>\n<p>\u00a0<\/p>\n\n\t\t<\/div>\n\t\t\t<\/div>\n\n\t\n\n<\/div>\n\n\t\t<\/div>\n\t\t\n<style>\n#col-511970698 > .col-inner {\n  padding: 10% 0px 0px 0px;\n}\n<\/style>\n\t<\/div>\n\n\t\n\n<\/div>\n\n\t\t<\/div>\n\n\t\t\n<style>\n#section_1322355976 {\n  padding-top: 60px;\n  padding-bottom: 60px;\n}\n<\/style>\n\t<\/section>\n\t\n<span class=\"scroll-to\" data-label=\"Scroll to: #ubicacion\" data-bullet=\"true\" data-link=\"#ubicacion\" data-title=\"Ubicaci\u00f3n\"><a name=\"ubicacion\"><\/a><\/span>\n\n\t<div id=\"text-1011547135\" class=\"text\">\n\t\t\n\n<iframe src=\"https:\/\/www.google.com\/maps\/embed?pb=!1m18!1m12!1m3!1d3283.0375775897423!2d-58.55502778523252!3d-34.628490666315344!2m3!1f0!2f0!3f0!3m2!1i1024!2i768!4f13.1!3m3!1m2!1s0x95bcc8004ecf1641%3A0xbfd9dd058f2088b0!2sTerlizzi!5e0!3m2!1ses!2sar!4v1631902915594!5m2!1ses!2sar\" width=\"1000\" height=\"400\" style=\"border:0;\" allowfullscreen=\"\" loading=\"lazy\"><\/iframe>\n\t\t\n<style>\n#text-1011547135 {\n  text-align: center;\n}\n<\/style>\n\t<\/div>\n\t\n\t<div id=\"gap-1041514099\" class=\"gap-element clearfix\" style=\"display:block; height:auto;\">\n\t\t\n<style>\n#gap-1041514099 {\n  padding-top: 30px;\n}\n<\/style>\n\t<\/div>\n\t\n\n\n","protected":false},"excerpt":{"rendered":"","protected":false},"author":1,"featured_media":0,"parent":0,"menu_order":0,"comment_status":"closed","ping_status":"closed","template":"page-blank.php","meta":[],"_links":{"self":[{"href":"https:\/\/terlizzisa.com\/ventas\/wp-json\/wp\/v2\/pages\/6"}],"collection":[{"href":"https:\/\/terlizzisa.com\/ventas\/wp-json\/wp\/v2\/pages"}],"about":[{"href":"https:\/\/terlizzisa.com\/ventas\/wp-json\/wp\/v2\/types\/page"}],"author":[{"embeddable":true,"href":"https:\/\/terlizzisa.com\/ventas\/wp-json\/wp\/v2\/users\/1"}],"replies":[{"embeddable":true,"href":"https:\/\/terlizzisa.com\/ventas\/wp-json\/wp\/v2\/comments?post=6"}],"version-history":[{"count":32,"href":"https:\/\/terlizzisa.com\/ventas\/wp-json\/wp\/v2\/pages\/6\/revisions"}],"predecessor-version":[{"id":72,"href":"https:\/\/terlizzisa.com\/ventas\/wp-json\/wp\/v2\/pages\/6\/revisions\/72"}],"wp:attachment":[{"href":"https:\/\/terlizzisa.com\/ventas\/wp-json\/wp\/v2\/media?parent=6"}],"curies":[{"name":"wp","href":"https:\/\/api.w.org\/{rel}","templated":true}]}}