{"id":2556,"date":"2021-10-28T11:02:34","date_gmt":"2021-10-28T14:02:34","guid":{"rendered":"https:\/\/terlizzisa.com\/?post_type=product&#038;p=2556"},"modified":"2021-10-28T11:08:32","modified_gmt":"2021-10-28T14:08:32","slug":"doypack-kraft-con-ventana-con-zipper","status":"publish","type":"product","link":"https:\/\/terlizzisa.com\/index.php\/producto\/doypack-kraft-con-ventana-con-zipper\/","title":{"rendered":"DoyPack Kraft con Ventana\/ con Zipper"},"content":{"rendered":"<p>El envase Doypack posee la caracter\u00edstica de ofrecer m\u00faltiples barreras para el producto que contiene, protegi\u00e9ndolo de la humedad, el ox\u00edgeno o los rayos UV, manteniendo la frescura y aroma en los alimentos y a su vez d\u00e1ndole una elegante forma de exhibici\u00f3n en las estanter\u00edas ya que se mantiene parado por s\u00ed solo y cuando se almacena, ocupa poco lugar, dando una ventaja importante en el espacio de su negocio. Se presenta con cierre zipper que asegura el contenido en el envase y una amplia variedad de tama\u00f1os y materiales para adaptarse a las necesidades espec\u00edficas de su producto.<\/p>\n","protected":false},"excerpt":{"rendered":"<p>DoyPack Fraft con ventana<br \/>\nPoliester  Cristal \/Polietileno  Baja Densidad  Cristal + Papel Kraft Marr\u00f3n<br \/>\nlas im\u00e1genes son ilustrativas<\/p>\n","protected":false},"featured_media":2535,"template":"","meta":[],"product_cat":[33,38],"product_tag":[],"_links":{"self":[{"href":"https:\/\/terlizzisa.com\/index.php\/wp-json\/wp\/v2\/product\/2556"}],"collection":[{"href":"https:\/\/terlizzisa.com\/index.php\/wp-json\/wp\/v2\/product"}],"about":[{"href":"https:\/\/terlizzisa.com\/index.php\/wp-json\/wp\/v2\/types\/product"}],"wp:featuredmedia":[{"embeddable":true,"href":"https:\/\/terlizzisa.com\/index.php\/wp-json\/wp\/v2\/media\/2535"}],"wp:attachment":[{"href":"https:\/\/terlizzisa.com\/index.php\/wp-json\/wp\/v2\/media?parent=2556"}],"wp:term":[{"taxonomy":"product_cat","embeddable":true,"href":"https:\/\/terlizzisa.com\/index.php\/wp-json\/wp\/v2\/product_cat?post=2556"},{"taxonomy":"product_tag","embeddable":true,"href":"https:\/\/terlizzisa.com\/index.php\/wp-json\/wp\/v2\/product_tag?post=2556"}],"curies":[{"name":"wp","href":"https:\/\/api.w.org\/{rel}","templated":true}]}}