{"id":423,"date":"2021-07-07T13:31:37","date_gmt":"2021-07-07T16:31:37","guid":{"rendered":"https:\/\/terlizzisa.com\/?page_id=423"},"modified":"2021-07-13T16:11:03","modified_gmt":"2021-07-13T19:11:03","slug":"linea-standard-bolsas-y-sobres-impresos-fantasia-y-lisos-para-regaleria","status":"publish","type":"page","link":"https:\/\/terlizzisa.com\/index.php\/linea-standard-bolsas-y-sobres-impresos-fantasia-y-lisos-para-regaleria\/","title":{"rendered":"L\u00ednea Standard \/ Bolsas y Sobres impresos Fantas\u00eda y lisos para regaler\u00eda."},"content":{"rendered":"\n<div class=\"row\"  id=\"row-1368026326\">\n\n\n\t<div id=\"col-1252061306\" class=\"col small-12 large-12\"  >\n\t\t<div class=\"col-inner\"  >\n\t\t\t\n\t\t\t\n\n<div class=\"row row-collapse align-middle\"  id=\"row-164031436\">\n\n\n\t<div id=\"col-57930144\" class=\"col medium-7 small-6 large-8\"  >\n\t\t<div class=\"col-inner\"  >\n\t\t\t\n\t\t\t\n\n\n  <div class=\"banner has-hover\" id=\"banner-1444177388\">\n          <div class=\"banner-inner fill\">\n        <div class=\"banner-bg fill\" >\n            <div class=\"bg fill bg-fill \"><\/div>\n                                    \n                    <\/div>\n        <div class=\"banner-layers container\">\n            <a class=\"fill\" href=\"#\"  ><div class=\"fill banner-link\"><\/div><\/a>            \n\n\n        <\/div>\n      <\/div>\n\n            \n<style>\n#banner-1444177388 {\n  padding-top: 300px;\n  background-color: rgb(245, 245, 245);\n}\n#banner-1444177388 .bg.bg-loaded {\n  background-image: url(https:\/\/terlizzisa.com\/wp-content\/uploads\/2021\/07\/10-Bolsas-Standard2-1024x683.jpg);\n}\n#banner-1444177388 .bg {\n  background-position: 1% 0%;\n}\n@media (min-width:550px) {\n  #banner-1444177388 {\n    padding-top: 400px;\n  }\n}\n<\/style>\n  <\/div>\n\n\n\n\t\t<\/div>\n\t\t\t<\/div>\n\n\t\n\n\t<div id=\"col-106210985\" class=\"col medium-5 small-6 large-4\"  >\n\t\t<div class=\"col-inner\"  >\n\t\t\t\n\t\t\t\n\n<div class=\"row row-collapse\"  id=\"row-778653952\">\n\n\n\t<div id=\"col-337703707\" class=\"col large-12\"  >\n\t\t<div class=\"col-inner text-center\" style=\"background-color:rgb(255,255,255);\" >\n\t\t\t\n\t\t\t\n\n<h3>L\u00ednea Standard \/ Bolsas y Sobres impresos Fantas\u00eda y lisos para regaler\u00eda.<\/h3>\n<h5><span style=\"color: #333399;\">Licenciatario exclusivo Disney<\/span><\/h5>\n<p>Las m\u00e1s lindas bolsas en polietileno reciclable con y sin impresi\u00f3n, tela no tejida, lisas y con dise\u00f1os propios y licencia Disney, m\u00e1s de 400 productos en stock disponibles.<\/p>\n\n\t\t<\/div>\n\t\t\n<style>\n#col-337703707 > .col-inner {\n  margin: 0px 0px 0px -30px;\n}\n<\/style>\n\t<\/div>\n\n\t\n\n\n<style>\n#row-778653952 > .col > .col-inner {\n  padding: 20px 20px 20px 20px;\n}\n@media (min-width:550px) {\n  #row-778653952 > .col > .col-inner {\n    padding: 40px 40px 40px 40px;\n  }\n}\n<\/style>\n<\/div>\n\n\t\t<\/div>\n\t\t\t<\/div>\n\n\t\n\n<\/div>\n\n\t\t<\/div>\n\t\t\t<\/div>\n\n\t\n\n\n<style>\n#row-1368026326 > .col > .col-inner {\n  background-color: rgb(245, 245, 245);\n}\n<\/style>\n<\/div>\n\t<div id=\"text-2435495639\" class=\"text\">\n\t\t\n\n<h2>Para acceder a los modelos debes ingresar haciendo clic en el siguiente bot\u00f3n:<\/h2>\n\t\t\n<style>\n#text-2435495639 {\n  text-align: center;\n}\n<\/style>\n\t<\/div>\n\t\n<div class=\"row\"  id=\"row-1349374500\">\n\n\n\t<div id=\"col-902750866\" class=\"col medium-4 small-12 large-4\"  >\n\t\t<div class=\"col-inner\"  >\n\t\t\t\n\t\t\t\n\n\n\t\t<\/div>\n\t\t\t<\/div>\n\n\t\n\n\t<div id=\"col-1395159439\" class=\"col medium-4 small-12 large-4\"  >\n\t\t<div class=\"col-inner text-center\"  >\n\t\t\t\n\t\t\t\n\n<a href=\"https:\/\/terlizzisa.com\/index.php\/acc-tienda\/\" target=\"_self\" class=\"button primary\"  style=\"border-radius:10px;\">\n    <span>Ingreso a clientes<\/span>\n  <\/a>\n\n\n\n\t\t<\/div>\n\t\t\n<style>\n#col-1395159439 > .col-inner {\n  padding: 30px 0px 0px 0px;\n}\n<\/style>\n\t<\/div>\n\n\t\n\n\t<div id=\"col-1070727174\" class=\"col medium-4 small-12 large-4\"  >\n\t\t<div class=\"col-inner\"  >\n\t\t\t\n\t\t\t\n\n\n\t\t<\/div>\n\t\t\t<\/div>\n\n\t\n\n<\/div>\n\n","protected":false},"excerpt":{"rendered":"","protected":false},"author":1,"featured_media":0,"parent":0,"menu_order":0,"comment_status":"closed","ping_status":"closed","template":"","meta":[],"_links":{"self":[{"href":"https:\/\/terlizzisa.com\/index.php\/wp-json\/wp\/v2\/pages\/423"}],"collection":[{"href":"https:\/\/terlizzisa.com\/index.php\/wp-json\/wp\/v2\/pages"}],"about":[{"href":"https:\/\/terlizzisa.com\/index.php\/wp-json\/wp\/v2\/types\/page"}],"author":[{"embeddable":true,"href":"https:\/\/terlizzisa.com\/index.php\/wp-json\/wp\/v2\/users\/1"}],"replies":[{"embeddable":true,"href":"https:\/\/terlizzisa.com\/index.php\/wp-json\/wp\/v2\/comments?post=423"}],"version-history":[{"count":4,"href":"https:\/\/terlizzisa.com\/index.php\/wp-json\/wp\/v2\/pages\/423\/revisions"}],"predecessor-version":[{"id":457,"href":"https:\/\/terlizzisa.com\/index.php\/wp-json\/wp\/v2\/pages\/423\/revisions\/457"}],"wp:attachment":[{"href":"https:\/\/terlizzisa.com\/index.php\/wp-json\/wp\/v2\/media?parent=423"}],"curies":[{"name":"wp","href":"https:\/\/api.w.org\/{rel}","templated":true}]}}