{"id":79,"date":"2021-06-25T12:43:37","date_gmt":"2021-06-25T15:43:37","guid":{"rendered":"https:\/\/terlizzisa.com\/corseteria\/?page_id=79"},"modified":"2021-07-02T15:23:41","modified_gmt":"2021-07-02T18:23:41","slug":"cinta-de-gancho-corsetero","status":"publish","type":"page","link":"https:\/\/terlizzisa.com\/corseteria\/cinta-de-gancho-corsetero\/","title":{"rendered":"CINTA DE GANCHO CORSETERO"},"content":{"rendered":"<div class=\"row\"  id=\"row-1427415363\">\n\n\t<div id=\"col-1690560259\" class=\"col small-12 large-12\"  >\n\t\t<div class=\"col-inner\"  >\n\t\t\t\n\t\t\t\n<div class=\"row row-collapse align-middle\"  id=\"row-480745343\">\n\n\t<div id=\"col-1866942023\" class=\"col medium-7 small-6 large-8\"  >\n\t\t<div class=\"col-inner\"  >\n\t\t\t\n\t\t\t\n\n  <div class=\"banner has-hover\" id=\"banner-1118310001\">\n          <div class=\"banner-inner fill\">\n        <div class=\"banner-bg fill\" >\n            <div class=\"bg fill bg-fill \"><\/div>\n                                    \n                    <\/div>\n        <div class=\"banner-layers container\">\n            <a class=\"fill\" href=\"#\"  ><div class=\"fill banner-link\"><\/div><\/a>            \n        <\/div>\n      <\/div>\n\n            \n<style>\n#banner-1118310001 {\n  padding-top: 300px;\n  background-color: rgb(245, 245, 245);\n}\n#banner-1118310001 .bg.bg-loaded {\n  background-image: url(https:\/\/terlizzisa.com\/corseteria\/wp-content\/uploads\/2021\/06\/01-Cinta-de-gancho-corsetero2-1.jpg);\n}\n@media (min-width:550px) {\n  #banner-1118310001 {\n    padding-top: 450px;\n  }\n}\n<\/style>\n  <\/div>\n\n\n\t\t<\/div>\n\t\t\t<\/div>\n\n\t\n\n\t<div id=\"col-663795894\" class=\"col medium-5 small-6 large-4\"  >\n\t\t<div class=\"col-inner\"  >\n\t\t\t\n\t\t\t\n<div class=\"row row-collapse\"  id=\"row-819133788\">\n\n\t<div id=\"col-499170075\" class=\"col large-12\"  >\n\t\t<div class=\"col-inner text-center\" style=\"background-color:rgb(255,255,255);\" >\n\t\t\t\n\t\t\t\n\t<div id=\"text-3900968993\" class=\"text\">\n\t\t\n<h3>Cinta de Gancho Corsetero<\/h3>\n<p>Fabricamos cinta de gancho corsetero apto para te\u00f1ido.<br \/>\nContamos con una amplia l\u00ednea de ganchos standard y tambi\u00e9n desarrollamos art\u00edculos especiales en base a la necesidad del cliente de una a cuatro posiciones, en tira o por unidad.<br \/>\nDe l\u00ednea se ofrecen en color blanco, hueso, negro, natural y apto te\u00f1ido.<br \/>\nInsumos de primera calidad.<br \/>\nCons\u00faltenos por cualquier medida.<\/p>\n\t\t\n<style>\n#text-3900968993 {\n  text-align: center;\n}\n<\/style>\n\t<\/div>\n\t\n\t\t<\/div>\n\t\t\n<style>\n#col-499170075 > .col-inner {\n  margin: 0px 0px 0px -30px;\n}\n<\/style>\n\t<\/div>\n\n\t\n\n<style>\n#row-819133788 > .col > .col-inner {\n  padding: 20px 20px 20px 20px;\n}\n@media (min-width:550px) {\n  #row-819133788 > .col > .col-inner {\n    padding: 20px 36px 20px 40px;\n  }\n}\n<\/style>\n<\/div>\n\t\t<\/div>\n\t\t\t<\/div>\n\n\t\n<\/div>\n\t\t<\/div>\n\t\t\t<\/div>\n\n\t\n\n<style>\n#row-1427415363 > .col > .col-inner {\n  background-color: rgb(245, 245, 245);\n}\n<\/style>\n<\/div>\n\t<div id=\"text-3699465098\" class=\"text\">\n\t\t\n<h2 class=\"uppercase\">Para mas informaci\u00f3n envianos una consulta y nos pondremos en contacto:<\/h2>\n\t\t\n<style>\n#text-3699465098 {\n  text-align: center;\n}\n<\/style>\n\t<\/div>\n\t\n<div class=\"text-center\"><div class=\"is-divider divider clearfix\" style=\"margin-top:1.8em;margin-bottom:1.8em;max-width:342px;height:2px;background-color:rgb(209, 136, 29);\"><\/div><\/div>\n\n<div class=\"wpcf7 no-js\" id=\"wpcf7-f82-o1\" lang=\"es-AR\" dir=\"ltr\">\n<div class=\"screen-reader-response\"><p role=\"status\" aria-live=\"polite\" aria-atomic=\"true\"><\/p> <ul><\/ul><\/div>\n<form action=\"\/corseteria\/wp-json\/wp\/v2\/pages\/79#wpcf7-f82-o1\" method=\"post\" class=\"wpcf7-form init\" aria-label=\"Formulario de contacto\" novalidate=\"novalidate\" data-status=\"init\">\n<div style=\"display: none;\">\n<input type=\"hidden\" name=\"_wpcf7\" value=\"82\" \/>\n<input type=\"hidden\" name=\"_wpcf7_version\" value=\"5.7.4\" \/>\n<input type=\"hidden\" name=\"_wpcf7_locale\" value=\"es_AR\" \/>\n<input type=\"hidden\" name=\"_wpcf7_unit_tag\" value=\"wpcf7-f82-o1\" \/>\n<input type=\"hidden\" name=\"_wpcf7_container_post\" value=\"0\" \/>\n<input type=\"hidden\" name=\"_wpcf7_posted_data_hash\" value=\"\" \/>\n<input type=\"hidden\" name=\"_wpcf7_recaptcha_response\" value=\"\" \/>\n<\/div>\n<div class=\"form-flat\">\n\t<p><span class=\"wpcf7-form-control-wrap\" data-name=\"your-name\"><input size=\"40\" class=\"wpcf7-form-control wpcf7-text wpcf7-validates-as-required\" aria-required=\"true\" aria-invalid=\"false\" placeholder=\"Nombre\" value=\"\" type=\"text\" name=\"your-name\" \/><\/span>\n\t<\/p>\n\t<p><span class=\"wpcf7-form-control-wrap\" data-name=\"your-tel\"><input size=\"40\" class=\"wpcf7-form-control wpcf7-text wpcf7-tel wpcf7-validates-as-required wpcf7-validates-as-tel\" aria-required=\"true\" aria-invalid=\"false\" placeholder=\"Tel\u00e9fono\" value=\"\" type=\"tel\" name=\"your-tel\" \/><\/span>\n\t<\/p>\n\t<p><span class=\"wpcf7-form-control-wrap\" data-name=\"your-email\"><input size=\"40\" class=\"wpcf7-form-control wpcf7-text wpcf7-email wpcf7-validates-as-required wpcf7-validates-as-email\" aria-required=\"true\" aria-invalid=\"false\" placeholder=\"Email\" value=\"\" type=\"email\" name=\"your-email\" \/><\/span>\n\t<\/p>\n\t<p><span class=\"wpcf7-form-control-wrap\" data-name=\"your-message\"><textarea cols=\"40\" rows=\"10\" class=\"wpcf7-form-control wpcf7-textarea\" aria-invalid=\"false\" placeholder=\"Tu mensaje (opcional)\" name=\"your-message\"><\/textarea><\/span>\n\t<\/p>\n\t<p><input class=\"wpcf7-form-control has-spinner wpcf7-submit button\" type=\"submit\" value=\"Enviar\" \/>\n\t<\/p>\n<\/div><div class=\"wpcf7-response-output\" aria-hidden=\"true\"><\/div>\n<\/form>\n<\/div>\n\n","protected":false},"excerpt":{"rendered":"","protected":false},"author":1,"featured_media":0,"parent":0,"menu_order":0,"comment_status":"closed","ping_status":"closed","template":"","meta":[],"_links":{"self":[{"href":"https:\/\/terlizzisa.com\/corseteria\/wp-json\/wp\/v2\/pages\/79"}],"collection":[{"href":"https:\/\/terlizzisa.com\/corseteria\/wp-json\/wp\/v2\/pages"}],"about":[{"href":"https:\/\/terlizzisa.com\/corseteria\/wp-json\/wp\/v2\/types\/page"}],"author":[{"embeddable":true,"href":"https:\/\/terlizzisa.com\/corseteria\/wp-json\/wp\/v2\/users\/1"}],"replies":[{"embeddable":true,"href":"https:\/\/terlizzisa.com\/corseteria\/wp-json\/wp\/v2\/comments?post=79"}],"version-history":[{"count":8,"href":"https:\/\/terlizzisa.com\/corseteria\/wp-json\/wp\/v2\/pages\/79\/revisions"}],"predecessor-version":[{"id":156,"href":"https:\/\/terlizzisa.com\/corseteria\/wp-json\/wp\/v2\/pages\/79\/revisions\/156"}],"wp:attachment":[{"href":"https:\/\/terlizzisa.com\/corseteria\/wp-json\/wp\/v2\/media?parent=79"}],"curies":[{"name":"wp","href":"https:\/\/api.w.org\/{rel}","templated":true}]}}