{"id":29,"date":"2021-06-23T17:09:59","date_gmt":"2021-06-23T20:09:59","guid":{"rendered":"https:\/\/terlizzisa.com\/corseteria\/?page_id=29"},"modified":"2021-07-29T16:31:33","modified_gmt":"2021-07-29T19:31:33","slug":"empresa","status":"publish","type":"page","link":"https:\/\/terlizzisa.com\/corseteria\/empresa\/","title":{"rendered":"Empresa"},"content":{"rendered":"  <div id=\"page-header-1893170255\" class=\"page-header-wrapper\">\n  <div class=\"page-title dark featured-title has-parallax\">\n\n        <div class=\"page-title-bg\">\n      <div class=\"title-bg fill bg-fill\"\n        data-parallax-container=\".page-title\"\n        data-parallax-background\n        data-parallax=\"-6\">\n      <\/div>\n      <div class=\"title-overlay fill\"><\/div>\n    <\/div>\n    \n    <div class=\"page-title-inner container align-center text-center flex-row-col medium-flex-wrap\" >\n              <div class=\"title-wrapper flex-col\">\n          <h1 class=\"entry-title mb-0\">\n            Empresa          <\/h1>\n        <\/div>\n                <div class=\"page-title-sub op-7 flex-col\">\n          <p class=\"lead\">\u00bfQui\u00e9nes somos?<\/p>\n        <\/div>\n                    <div class=\"title-content flex-col\">\n        <ul class=\"nav sm-touch-scroll nav-line nav-uppercase text-center nav-center\"><li class=\"nav-single-page hidden\"><\/li><\/ul>      <\/div>\n    <\/div>\n\n     \n<style>\n#page-header-1893170255 .page-title-inner {\n  min-height: 300px;\n}\n#page-header-1893170255 .title-bg {\n  background-image: url(https:\/\/terlizzisa.com\/corseteria\/wp-content\/uploads\/2021\/06\/bg.jpg);\n  background-position: 40% 25%;\n}\n<\/style>\n  <\/div>\n    <\/div>\n  \n\t<section class=\"section\" id=\"section_2086921423\">\n\t\t<div class=\"bg section-bg fill bg-fill  bg-loaded\" >\n\n\t\t\t\n\t\t\t\n\t\t\t\n\n\t\t<\/div>\n\n\t\t<div class=\"section-content relative\">\n\t\t\t\n<div class=\"row\"  id=\"row-428261812\">\n\n\t<div id=\"col-1315707814\" class=\"col small-12 large-12\"  >\n\t\t<div class=\"col-inner\" style=\"background-color:rgb(255,255,255);\" >\n\t\t\t\n\t\t\t\n<div class=\"text-center\"><div class=\"is-divider divider clearfix\" style=\"margin-top:10px;margin-bottom:10px;background-color:rgba(0, 0, 0, 0.16);\"><\/div><\/div>\n<div class=\"row align-center\"  id=\"row-600145684\">\n\n\t<div id=\"col-101006570\" class=\"col medium-9 small-10 large-10\"  >\n\t\t<div class=\"col-inner text-center\"  >\n\t\t\t\n\t\t\t\n<h2>Nuestra Historia<\/h2>\n<p><strong>Terlizzi S.A.I.C.<\/strong> es una empresa fundada en el a\u00f1o 1967 con el objetivo fundamental de ser l\u00edder en el abastecimiento de accesorios para la industria corsetera.<\/p>\n<p>En un principio contaba s\u00f3lo con un art\u00edculo, que era la cinta corsetera. Luego de eso y con el correr del tiempo se comenzaron a agregar productos para desarrollar el mercado al cual estaba apuntando.<\/p>\n<p>Debido a ciertos cambios en el contexto y a acontecimientos que se vivieron, se decide abordar nuevos mercados para lo cual se realizaron fuertes inversiones en el \u00e1rea de envases flexibles y se consolid\u00f3 un equipo de ventas especialmente destinado a este fin.<\/p>\n\t\t<\/div>\n\t\t\n<style>\n#col-101006570 > .col-inner {\n  margin: 20px 0px 20px 0px;\n}\n<\/style>\n\t<\/div>\n\n\t\n<\/div>\n<div class=\"row align-center\"  id=\"row-1236487654\">\n\n\t<div id=\"col-150304750\" class=\"col medium-11 small-12 large-10\"  >\n\t\t<div class=\"col-inner\"  >\n\t\t\t\n\t\t\t\n\n  <div class=\"banner has-hover has-parallax\" id=\"banner-828757772\">\n          <div class=\"banner-inner fill\">\n        <div class=\"banner-bg fill\" data-parallax=\"-6\" data-parallax-container=\".banner\" data-parallax-background>\n            <div class=\"bg fill bg-fill \"><\/div>\n                                    \n                    <\/div>\n        <div class=\"banner-layers container\">\n            <div class=\"fill banner-link\"><\/div>            \n        <\/div>\n      <\/div>\n\n            \n<style>\n#banner-828757772 {\n  padding-top: 300px;\n}\n#banner-828757772 .bg.bg-loaded {\n  background-image: url(https:\/\/terlizzisa.com\/corseteria\/wp-content\/uploads\/2021\/06\/Copia-de-Fa\u0301brica-con-tel-4.jpg);\n}\n#banner-828757772 .bg {\n  background-position: 11% 55%;\n}\n@media (min-width:850px) {\n  #banner-828757772 {\n    padding-top: 500px;\n  }\n}\n<\/style>\n  <\/div>\n\n\n\t\t<\/div>\n\t\t\n<style>\n#col-150304750 > .col-inner {\n  margin: 0px 0px -160px 0px;\n}\n<\/style>\n\t<\/div>\n\n\t\n<\/div>\n\t\t<\/div>\n\t\t\n<style>\n#col-1315707814 > .col-inner {\n  padding: 50px 0px 0px 0px;\n  margin: -70px 0px 0px 0px;\n}\n<\/style>\n\t<\/div>\n\n\t\n<\/div>\n\t\t<\/div>\n\n\t\t\n<style>\n#section_2086921423 {\n  padding-top: 30px;\n  padding-bottom: 30px;\n}\n<\/style>\n\t<\/section>\n\t\n\t<section class=\"section\" id=\"section_1652564021\">\n\t\t<div class=\"bg section-bg fill bg-fill  bg-loaded\" >\n\n\t\t\t\n\t\t\t\n\t\t\t\n\n\t\t<\/div>\n\n\t\t<div class=\"section-content relative\">\n\t\t\t\n<div class=\"row align-center\"  id=\"row-1103661377\">\n\n\t<div id=\"col-987154482\" class=\"col medium-11 small-12 large-10\"  >\n\t\t<div class=\"col-inner\"  >\n\t\t\t\n\t\t\t\n<h2>Experiencia y calidad.<\/h2>\n<p>Hoy con m\u00e1s de 50 a\u00f1os en el mercado, tiene una planta de aproximadamente 3.500 m2 a 15 minutos de la Ciudad Aut\u00f3noma de Buenos Aires, brindando productos y servicios de la m\u00e1s alta calidad a dos mercados completamente distintos pero \u00edntimamente ligados dentro de nuestra empresa. Posee una cartera de m\u00e1s de 400 clientes que conf\u00edan en nuestra experiencia y elijen nuestra calidad. Cuenta tambi\u00e9n con un departamento de arte propio para asisitr a los clientes en el desarrollo del dise\u00f1o de su envase.<\/p>\n\t\t<\/div>\n\t\t\t<\/div>\n\n\t\n\n<style>\n#row-1103661377 > .col > .col-inner {\n  padding: 50px 0px 20px 0px;\n}\n@media (min-width:550px) {\n  #row-1103661377 > .col > .col-inner {\n    padding: 100px 0px 50px 0px;\n  }\n}\n<\/style>\n<\/div>\n<div class=\"row align-center\"  id=\"row-169824090\">\n\n\t<div id=\"col-1936123740\" class=\"col medium-11 small-12 large-10\"  >\n\t\t<div class=\"col-inner\"  >\n\t\t\t\n\t\t\t\n<div class=\"row row-large align-middle\"  id=\"row-2027582397\">\n\n\t<div id=\"col-343008536\" class=\"col medium-4 small-12 large-6\"  >\n\t\t<div class=\"col-inner\"  >\n\t\t\t\n\t\t\t\n\n  <div class=\"banner has-hover\" id=\"banner-1429630078\">\n          <div class=\"banner-inner fill\">\n        <div class=\"banner-bg fill\" >\n            <div class=\"bg fill bg-fill \"><\/div>\n                                    \n                    <\/div>\n        <div class=\"banner-layers container\">\n            <div class=\"fill banner-link\"><\/div>            \n        <\/div>\n      <\/div>\n\n            \n<style>\n#banner-1429630078 {\n  padding-top: 300px;\n}\n#banner-1429630078 .bg.bg-loaded {\n  background-image: url(https:\/\/terlizzisa.com\/corseteria\/wp-content\/uploads\/2021\/06\/impresion.jpg);\n}\n#banner-1429630078 .bg {\n  background-position: 22% 67%;\n}\n@media (min-width:550px) {\n  #banner-1429630078 {\n    padding-top: 99.99%;\n  }\n}\n<\/style>\n  <\/div>\n\n\n\t\t<\/div>\n\t\t\t<\/div>\n\n\t\n\n\t<div id=\"col-1740584171\" class=\"col medium-8 small-12 large-6\"  >\n\t\t<div class=\"col-inner\"  >\n\t\t\t\n\t\t\t\n<h3>DIVISION ENVASES<\/h3>\n<p>Envases flexibles standard, especiales y toda la l\u00ednea de modelos de mercado.<\/p>\n<p>Poseemos una amplia gama de productos standard impresos con motivos que acompa\u00f1an las tendencias del momento.<\/p>\n<p>Pensando en el futuro del planeta, ofecemos las bolsas con el aditivo D2W que permiten la desintegraci\u00f3n del material y la l\u00ednea de bolsas de friselina, reutilizables.<\/p>\n<a href=\"http:\/\/terlizzisa.com\/index.php\/inicio\/\" target=\"_self\" class=\"button primary is-underline\"  >\n    <span>Division Envases<\/span>\n  <\/a>\n\n\t\t<\/div>\n\t\t\t<\/div>\n\n\t\n<\/div>\n<div class=\"row row-large align-middle\"  id=\"row-265754529\">\n\n\t<div id=\"col-111791085\" class=\"col medium-8 small-12 large-6\"  >\n\t\t<div class=\"col-inner\"  >\n\t\t\t\n\t\t\t\n<h3>DIVISION CORSETERIA<\/h3>\n<p>Toda una gama de accesorios para la industria corsetera.<\/p>\n<p>Argollas, correderas, broches, ballenas, arcos. Art\u00edculos en pl\u00e1stico y zamak. Cintas corseteras, snap y otros accesorios del rubro.<\/p>\n<p>M\u00e1s de 50 a\u00f1os de experiencia en el rubro brind\u00e1ndole a nuestros clientes una amplia gama de art\u00edculos y el asesoramiento necesario para que se genere el mejor producto.<\/p>\n<a href=\"https:\/\/terlizzisa.com\/corseteria\/\" target=\"_self\" class=\"button primary is-underline\"  >\n    <span>DIVISION CORSETERIA<\/span>\n  <\/a>\n\n\t\t<\/div>\n\t\t\t<\/div>\n\n\t\n\n\t<div id=\"col-1485360213\" class=\"col medium-4 small-12 large-6 medium-col-first\"  >\n\t\t<div class=\"col-inner\"  >\n\t\t\t\n\t\t\t\n\n  <div class=\"banner has-hover\" id=\"banner-1849896780\">\n          <div class=\"banner-inner fill\">\n        <div class=\"banner-bg fill\" >\n            <div class=\"bg fill bg-fill \"><\/div>\n                                    \n                    <\/div>\n        <div class=\"banner-layers container\">\n            <div class=\"fill banner-link\"><\/div>            \n        <\/div>\n      <\/div>\n\n            \n<style>\n#banner-1849896780 {\n  padding-top: 300px;\n}\n#banner-1849896780 .bg.bg-loaded {\n  background-image: url(https:\/\/terlizzisa.com\/corseteria\/wp-content\/uploads\/2021\/06\/corseteria.jpg);\n}\n@media (min-width:550px) {\n  #banner-1849896780 {\n    padding-top: 99.99%;\n  }\n}\n<\/style>\n  <\/div>\n\n\n\t\t<\/div>\n\t\t\t<\/div>\n\n\t\n<\/div>\n\t\t<\/div>\n\t\t\t<\/div>\n\n\t\n<\/div>\n\t\t<\/div>\n\n\t\t\n<style>\n#section_1652564021 {\n  padding-top: 80px;\n  padding-bottom: 80px;\n  background-color: rgb(244, 244, 244);\n}\n<\/style>\n\t<\/section>\n\t\n","protected":false},"excerpt":{"rendered":"","protected":false},"author":1,"featured_media":0,"parent":0,"menu_order":0,"comment_status":"closed","ping_status":"closed","template":"page-blank.php","meta":[],"_links":{"self":[{"href":"https:\/\/terlizzisa.com\/corseteria\/wp-json\/wp\/v2\/pages\/29"}],"collection":[{"href":"https:\/\/terlizzisa.com\/corseteria\/wp-json\/wp\/v2\/pages"}],"about":[{"href":"https:\/\/terlizzisa.com\/corseteria\/wp-json\/wp\/v2\/types\/page"}],"author":[{"embeddable":true,"href":"https:\/\/terlizzisa.com\/corseteria\/wp-json\/wp\/v2\/users\/1"}],"replies":[{"embeddable":true,"href":"https:\/\/terlizzisa.com\/corseteria\/wp-json\/wp\/v2\/comments?post=29"}],"version-history":[{"count":5,"href":"https:\/\/terlizzisa.com\/corseteria\/wp-json\/wp\/v2\/pages\/29\/revisions"}],"predecessor-version":[{"id":178,"href":"https:\/\/terlizzisa.com\/corseteria\/wp-json\/wp\/v2\/pages\/29\/revisions\/178"}],"wp:attachment":[{"href":"https:\/\/terlizzisa.com\/corseteria\/wp-json\/wp\/v2\/media?parent=29"}],"curies":[{"name":"wp","href":"https:\/\/api.w.org\/{rel}","templated":true}]}}