{"id":110,"date":"2021-06-28T11:38:38","date_gmt":"2021-06-28T14:38:38","guid":{"rendered":"https:\/\/terlizzisa.com\/corseteria\/?page_id=110"},"modified":"2021-07-02T15:27:24","modified_gmt":"2021-07-02T18:27:24","slug":"arcos-metalicos","status":"publish","type":"page","link":"https:\/\/terlizzisa.com\/corseteria\/arcos-metalicos\/","title":{"rendered":"Arcos Met\u00e1licos"},"content":{"rendered":"<div class=\"row\"  id=\"row-785111301\">\n\n\t<div id=\"col-1141361967\" class=\"col small-12 large-12\"  >\n\t\t<div class=\"col-inner\"  >\n\t\t\t\n\t\t\t\n<div class=\"row row-collapse align-middle\"  id=\"row-110029153\">\n\n\t<div id=\"col-707771331\" class=\"col medium-7 small-6 large-8\"  >\n\t\t<div class=\"col-inner\"  >\n\t\t\t\n\t\t\t\n\n  <div class=\"banner has-hover\" id=\"banner-895069611\">\n          <div class=\"banner-inner fill\">\n        <div class=\"banner-bg fill\" >\n            <div class=\"bg fill bg-fill \"><\/div>\n                                    \n                    <\/div>\n        <div class=\"banner-layers container\">\n            <a class=\"fill\" href=\"#\"  ><div class=\"fill banner-link\"><\/div><\/a>            \n        <\/div>\n      <\/div>\n\n            \n<style>\n#banner-895069611 {\n  padding-top: 300px;\n  background-color: rgb(245, 245, 245);\n}\n#banner-895069611 .bg.bg-loaded {\n  background-image: url(https:\/\/terlizzisa.com\/corseteria\/wp-content\/uploads\/2021\/06\/06-Arcos2.jpg);\n}\n@media (min-width:550px) {\n  #banner-895069611 {\n    padding-top: 526px;\n  }\n}\n<\/style>\n  <\/div>\n\n\n\t\t<\/div>\n\t\t\t<\/div>\n\n\t\n\n\t<div id=\"col-1330628549\" class=\"col medium-5 small-6 large-4\"  >\n\t\t<div class=\"col-inner\"  >\n\t\t\t\n\t\t\t\n<div class=\"row row-collapse\"  id=\"row-1173333421\">\n\n\t<div id=\"col-565352090\" class=\"col large-12\"  >\n\t\t<div class=\"col-inner text-center\" style=\"background-color:rgb(255,255,255);\" >\n\t\t\t\n\t\t\t\n\t<div id=\"text-2418306862\" class=\"text\">\n\t\t\n<h3>Arcos Met\u00e1licos<\/h3>\n<p>Nuestra l\u00ednea de arcos cuenta con los modelos de copa entera, media copa y push up de l\u00ednea. Tambi\u00e9n desarrollamos arcos a medida del cliente.<br \/>\nFabricados con acero con alto contenido de carbono con cincado electrol\u00edtico para protegerlo del \u00f3xido pudi\u00e9ndose utilizar para trajes de ba\u00f1o. Tambi\u00e9n ofrecemos fleje pintado en poliamida blanca para su mejor protecci\u00f3n.<br \/>\nPuntas encapsuladas en resina pl\u00e1stica para proteger la prenda y codificaci\u00f3n de color para la identificaci\u00f3n del talle.<br \/>\nA su vez, ofrecemos un modelo de arcos pl\u00e1sticos. <\/p>\n\t\t\n<style>\n#text-2418306862 {\n  text-align: center;\n}\n<\/style>\n\t<\/div>\n\t\n\t\t<\/div>\n\t\t\n<style>\n#col-565352090 > .col-inner {\n  margin: 0px 0px 0px -30px;\n}\n<\/style>\n\t<\/div>\n\n\t\n\n<style>\n#row-1173333421 > .col > .col-inner {\n  padding: 20px 20px 20px 20px;\n}\n@media (min-width:550px) {\n  #row-1173333421 > .col > .col-inner {\n    padding: 20px 36px 20px 40px;\n  }\n}\n<\/style>\n<\/div>\n\t\t<\/div>\n\t\t\t<\/div>\n\n\t\n<\/div>\n\t\t<\/div>\n\t\t\t<\/div>\n\n\t\n\n<style>\n#row-785111301 > .col > .col-inner {\n  background-color: rgb(245, 245, 245);\n}\n<\/style>\n<\/div>\n\t<div id=\"text-1428417870\" class=\"text\">\n\t\t\n<h2 class=\"uppercase\">Para mas informaci\u00f3n envianos una consulta y nos pondremos en contacto:<\/h2>\n\t\t\n<style>\n#text-1428417870 {\n  text-align: center;\n}\n<\/style>\n\t<\/div>\n\t\n<div class=\"text-center\"><div class=\"is-divider divider clearfix\" style=\"margin-top:1.8em;margin-bottom:1.8em;max-width:342px;height:2px;background-color:rgb(209, 136, 29);\"><\/div><\/div>\n\n<div class=\"wpcf7 no-js\" id=\"wpcf7-f99-o1\" lang=\"es-AR\" dir=\"ltr\">\n<div class=\"screen-reader-response\"><p role=\"status\" aria-live=\"polite\" aria-atomic=\"true\"><\/p> <ul><\/ul><\/div>\n<form action=\"\/corseteria\/wp-json\/wp\/v2\/pages\/110#wpcf7-f99-o1\" method=\"post\" class=\"wpcf7-form init\" aria-label=\"Formulario de contacto\" novalidate=\"novalidate\" data-status=\"init\">\n<div style=\"display: none;\">\n<input type=\"hidden\" name=\"_wpcf7\" value=\"99\" \/>\n<input type=\"hidden\" name=\"_wpcf7_version\" value=\"5.7.4\" \/>\n<input type=\"hidden\" name=\"_wpcf7_locale\" value=\"es_AR\" \/>\n<input type=\"hidden\" name=\"_wpcf7_unit_tag\" value=\"wpcf7-f99-o1\" \/>\n<input type=\"hidden\" name=\"_wpcf7_container_post\" value=\"0\" \/>\n<input type=\"hidden\" name=\"_wpcf7_posted_data_hash\" value=\"\" \/>\n<input type=\"hidden\" name=\"_wpcf7_recaptcha_response\" value=\"\" \/>\n<\/div>\n<div class=\"form-flat\">\n\t<p><span class=\"wpcf7-form-control-wrap\" data-name=\"your-name\"><input size=\"40\" class=\"wpcf7-form-control wpcf7-text wpcf7-validates-as-required\" aria-required=\"true\" aria-invalid=\"false\" placeholder=\"Nombre\" value=\"\" type=\"text\" name=\"your-name\" \/><\/span>\n\t<\/p>\n\t<p><span class=\"wpcf7-form-control-wrap\" data-name=\"your-tel\"><input size=\"40\" class=\"wpcf7-form-control wpcf7-text wpcf7-tel wpcf7-validates-as-required wpcf7-validates-as-tel\" aria-required=\"true\" aria-invalid=\"false\" placeholder=\"Tel\u00e9fono\" value=\"\" type=\"tel\" name=\"your-tel\" \/><\/span>\n\t<\/p>\n\t<p><span class=\"wpcf7-form-control-wrap\" data-name=\"your-email\"><input size=\"40\" class=\"wpcf7-form-control wpcf7-text wpcf7-email wpcf7-validates-as-required wpcf7-validates-as-email\" aria-required=\"true\" aria-invalid=\"false\" placeholder=\"Email\" value=\"\" type=\"email\" name=\"your-email\" \/><\/span>\n\t<\/p>\n\t<p><span class=\"wpcf7-form-control-wrap\" data-name=\"your-message\"><textarea cols=\"40\" rows=\"10\" class=\"wpcf7-form-control wpcf7-textarea\" aria-invalid=\"false\" placeholder=\"Tu mensaje (opcional)\" name=\"your-message\"><\/textarea><\/span>\n\t<\/p>\n\t<p><input class=\"wpcf7-form-control has-spinner wpcf7-submit button\" type=\"submit\" value=\"Enviar\" \/>\n\t<\/p>\n<\/div><div class=\"wpcf7-response-output\" aria-hidden=\"true\"><\/div>\n<\/form>\n<\/div>\n\n","protected":false},"excerpt":{"rendered":"","protected":false},"author":1,"featured_media":0,"parent":0,"menu_order":0,"comment_status":"closed","ping_status":"closed","template":"","meta":[],"_links":{"self":[{"href":"https:\/\/terlizzisa.com\/corseteria\/wp-json\/wp\/v2\/pages\/110"}],"collection":[{"href":"https:\/\/terlizzisa.com\/corseteria\/wp-json\/wp\/v2\/pages"}],"about":[{"href":"https:\/\/terlizzisa.com\/corseteria\/wp-json\/wp\/v2\/types\/page"}],"author":[{"embeddable":true,"href":"https:\/\/terlizzisa.com\/corseteria\/wp-json\/wp\/v2\/users\/1"}],"replies":[{"embeddable":true,"href":"https:\/\/terlizzisa.com\/corseteria\/wp-json\/wp\/v2\/comments?post=110"}],"version-history":[{"count":5,"href":"https:\/\/terlizzisa.com\/corseteria\/wp-json\/wp\/v2\/pages\/110\/revisions"}],"predecessor-version":[{"id":159,"href":"https:\/\/terlizzisa.com\/corseteria\/wp-json\/wp\/v2\/pages\/110\/revisions\/159"}],"wp:attachment":[{"href":"https:\/\/terlizzisa.com\/corseteria\/wp-json\/wp\/v2\/media?parent=110"}],"curies":[{"name":"wp","href":"https:\/\/api.w.org\/{rel}","templated":true}]}}